{"id":9,"date":"2023-03-14T09:45:43","date_gmt":"2023-03-14T08:45:43","guid":{"rendered":"https:\/\/yesplus.autonomy.local\/login\/"},"modified":"2023-06-13T10:22:39","modified_gmt":"2023-06-13T08:22:39","slug":"connexion","status":"publish","type":"page","link":"https:\/\/www.oyesplus.meliatis.com\/yesplus\/connexion\/","title":{"rendered":"Connexion"},"content":{"rendered":"\n<h1 class=\"wp-block-heading\">Connexion<\/h1>\n\n\n\n<p class=\"entete_connexion\">Vous \u00eates un organisme ou un agent de convivialit\u00e9 <br>Connectez-vous \u00e0 votre compte<\/p>\n\n\n\n<div class=\"um um-login um-4\">\n\n\t<div class=\"um-form\">\n\n\t\t<form method=\"post\" action=\"\" autocomplete=\"off\">\n\n\t\t\t<div class=\"um-row _um_row_1 connexion_entete\" style=\"padding: 0px 0px 0px 0px;margin: 0px 0px 0px 0px;border-width: 0px 0px 0px 0px;border-style: solid;border-radius: 0px;\"><div class=\"um-col-1\"><div  id=\"um_field_4_username\" class=\"um-field um-field-text  um-field-username um-field-text um-field-type_text\" data-key=\"username\"><div class=\"um-field-area\"><input  autocomplete=\"off\" class=\"form-control input_user\" type=\"text\" name=\"username-4\" id=\"username-4\" value=\"\" placeholder=\"Identifiant\" data-validate=\"unique_username_or_email\" data-key=\"username\" \/>\n\n\t\t\t\t\t\t<\/div><\/div><div  id=\"um_field_4_user_password\" class=\"um-field um-field-password  um-field-user_password um-field-password um-field-type_password\" data-key=\"user_password\"><div class=\"um-field-area\"><div class=\"um-field-icon\"><i class=\"um-icon-ios-eye\"><\/i><\/div><input class=\"form-control um-form-field valid\" type=\"password\" name=\"user_password-4\" id=\"user_password-4\" value=\"\" placeholder=\"Mot de passe\" data-validate=\"\" data-key=\"user_password\" \/>\n\n\t\t\t\t\t\t<\/div><\/div><\/div><\/div>\t\t<input type=\"hidden\" name=\"form_id\" id=\"form_id_4\" value=\"4\" \/>\n\t\n\t<p class=\"um_request_name\">\n\t\t<label for=\"um_request_4\">Only fill in if you are not human<\/label>\n\t\t<input type=\"hidden\" name=\"um_request\" id=\"um_request_4\" class=\"input\" value=\"\" size=\"25\" autocomplete=\"off\" \/>\n\t<\/p>\n\n\t<input type=\"hidden\" id=\"_wpnonce\" name=\"_wpnonce\" value=\"506ab09b75\" \/><input type=\"hidden\" name=\"_wp_http_referer\" value=\"\/yesplus\/wp-json\/wp\/v2\/pages\/9\" \/>\n\t<div class=\"um-col-alt\">\n\n\t\t\n\n\t\t\t<div class=\"um-field um-field-c\">\n\t\t\t\t<div class=\"um-field-area\">\n\t\t\t\t\t<label class=\"um-field-checkbox\">\n\t\t\t\t\t\t<input type=\"checkbox\" name=\"rememberme\" value=\"1\"  \/>\n\t\t\t\t\t\t<span class=\"um-field-checkbox-state\"><i class=\"um-icon-android-checkbox-outline-blank\"><\/i><\/span>\n\t\t\t\t\t\t<span class=\"um-field-checkbox-option\"> Se souvenir de moi<\/span>\n\t\t\t\t\t<\/label>\n\t\t\t\t<\/div>\n\t\t\t<\/div>\n\n\t\t\t\t\t\t<div class=\"um-clear\"><\/div>\n\t\t\n\t\t\t<div class=\"um-left um-half\">\n\t\t\t\t<input type=\"submit\" value=\"Se connecter\" class=\"um-button\" id=\"um-submit-btn\" \/>\n\t\t\t<\/div>\n\t\t\t<div class=\"um-right um-half\">\n\t\t\t\t<a href=\"https:\/\/www.oyesplus.meliatis.com\/yesplus\/organisme\/creation-de-compte-operateur\/\" class=\"um-button um-alt\">\n\t\t\t\t\tCr\u00e9er un compte\t\t\t\t<\/a>\n\t\t\t<\/div>\n\n\t\t\n\t\t<div class=\"um-clear\"><\/div>\n\n\t<\/div>\n\n\t\n\t<div class=\"um-col-alt-b\">\n\t\t<a href=\"https:\/\/www.oyesplus.meliatis.com\/yesplus\/password-reset\/\" class=\"um-link-alt\">\n\t\t\tMot de passe oubli\u00e9\u00a0?\t\t<\/a>\n\t<\/div>\n\n\t\n\t\t<\/form>\n\n\t<\/div>\n\n<\/div>\n<style>\n\t\t\t.um-4.um {\n\t\t\tmax-width: 375px;\n\t\t}\n\t\t<\/style>\n","protected":false},"excerpt":{"rendered":"<p>Connexion Vous \u00eates un organisme ou un agent de convivialit\u00e9 Connectez-vous \u00e0 votre compte<\/p>\n","protected":false},"author":1,"featured_media":0,"parent":0,"menu_order":0,"comment_status":"closed","ping_status":"closed","template":"page-connexion-um.php","meta":{"footnotes":""},"class_list":["post-9","page","type-page","status-publish","hentry"],"_links":{"self":[{"href":"https:\/\/www.oyesplus.meliatis.com\/yesplus\/wp-json\/wp\/v2\/pages\/9","targetHints":{"allow":["GET"]}}],"collection":[{"href":"https:\/\/www.oyesplus.meliatis.com\/yesplus\/wp-json\/wp\/v2\/pages"}],"about":[{"href":"https:\/\/www.oyesplus.meliatis.com\/yesplus\/wp-json\/wp\/v2\/types\/page"}],"author":[{"embeddable":true,"href":"https:\/\/www.oyesplus.meliatis.com\/yesplus\/wp-json\/wp\/v2\/users\/1"}],"replies":[{"embeddable":true,"href":"https:\/\/www.oyesplus.meliatis.com\/yesplus\/wp-json\/wp\/v2\/comments?post=9"}],"version-history":[{"count":5,"href":"https:\/\/www.oyesplus.meliatis.com\/yesplus\/wp-json\/wp\/v2\/pages\/9\/revisions"}],"predecessor-version":[{"id":460,"href":"https:\/\/www.oyesplus.meliatis.com\/yesplus\/wp-json\/wp\/v2\/pages\/9\/revisions\/460"}],"wp:attachment":[{"href":"https:\/\/www.oyesplus.meliatis.com\/yesplus\/wp-json\/wp\/v2\/media?parent=9"}],"curies":[{"name":"wp","href":"https:\/\/api.w.org\/{rel}","templated":true}]}}