{"id":495,"date":"2025-11-12T11:34:05","date_gmt":"2025-11-12T10:34:05","guid":{"rendered":"https:\/\/yesplus.autonomy.local\/?page_id=362"},"modified":"2025-11-26T14:02:35","modified_gmt":"2025-11-26T13:02:35","slug":"creation-de-compte-operateur","status":"publish","type":"page","link":"https:\/\/www.oyesplus.meliatis.com\/yesplus\/organisme\/creation-de-compte-operateur\/","title":{"rendered":"Cr\u00e9ation de compte Op\u00e9rateur"},"content":{"rendered":"\n<h1 class=\"wp-block-heading\">Organisme<\/h1>\n\n\n\n<h4 class=\"wp-block-heading\">Cr\u00e9ation de compte<\/h4>\n\n\n\n<p>Pour acc\u00e9der au formulaire de candidature, veuillez cr\u00e9er un compte s\u00e9curis\u00e9.<\/p>\n\n\n\n<p><\/p>\n","protected":false},"excerpt":{"rendered":"<p>Organisme Cr\u00e9ation de compte Pour acc\u00e9der au formulaire de candidature, veuillez cr\u00e9er un compte s\u00e9curis\u00e9.<\/p>\n","protected":false},"author":1,"featured_media":0,"parent":114,"menu_order":0,"comment_status":"closed","ping_status":"closed","template":"page-creation-compte-operateur.php","meta":{"footnotes":""},"class_list":["post-495","page","type-page","status-publish","hentry"],"_links":{"self":[{"href":"https:\/\/www.oyesplus.meliatis.com\/yesplus\/wp-json\/wp\/v2\/pages\/495","targetHints":{"allow":["GET"]}}],"collection":[{"href":"https:\/\/www.oyesplus.meliatis.com\/yesplus\/wp-json\/wp\/v2\/pages"}],"about":[{"href":"https:\/\/www.oyesplus.meliatis.com\/yesplus\/wp-json\/wp\/v2\/types\/page"}],"author":[{"embeddable":true,"href":"https:\/\/www.oyesplus.meliatis.com\/yesplus\/wp-json\/wp\/v2\/users\/1"}],"replies":[{"embeddable":true,"href":"https:\/\/www.oyesplus.meliatis.com\/yesplus\/wp-json\/wp\/v2\/comments?post=495"}],"version-history":[{"count":1,"href":"https:\/\/www.oyesplus.meliatis.com\/yesplus\/wp-json\/wp\/v2\/pages\/495\/revisions"}],"predecessor-version":[{"id":496,"href":"https:\/\/www.oyesplus.meliatis.com\/yesplus\/wp-json\/wp\/v2\/pages\/495\/revisions\/496"}],"up":[{"embeddable":true,"href":"https:\/\/www.oyesplus.meliatis.com\/yesplus\/wp-json\/wp\/v2\/pages\/114"}],"wp:attachment":[{"href":"https:\/\/www.oyesplus.meliatis.com\/yesplus\/wp-json\/wp\/v2\/media?parent=495"}],"curies":[{"name":"wp","href":"https:\/\/api.w.org\/{rel}","templated":true}]}}