{"id":220,"date":"2023-04-11T22:06:58","date_gmt":"2023-04-11T20:06:58","guid":{"rendered":"https:\/\/yesplus.autonomy.local\/?page_id=220"},"modified":"2025-11-26T12:05:50","modified_gmt":"2025-11-26T11:05:50","slug":"accueil","status":"publish","type":"page","link":"https:\/\/www.oyesplus.meliatis.com\/yesplus\/","title":{"rendered":"Accueil"},"content":{"rendered":"\n<h1>\n\t\tPartagez des moments <br \/>de convivialite\u0301 !\n\t<\/h1>\n<p>Le dispositif YES+ propose aux seniors habitant les Yvelines, <strong>des moments de partage, d&#8217;\u00e9change et de lien social<\/strong> avec des volontaires en service civique form\u00e9s pour devenir agent de convivialite\u0301.<\/p>\n<p>En lien avec les <strong>Mairies, CCAS et les Services d&#8217;aide et d&#8217;accompagnement a\u0300 domicile (SAAD) du territoire<\/strong>, les agents de convivialit\u00e9 viennent \u00e0 la rencontre des personnes a\u0302ge\u0301es, \u00e0 leur domicile, en r\u00e9sidence autonomie ou en EHPAD ainsi que par t\u00e9l\u00e9phone.<\/p>\n<p>Ce service, mis en place par le d\u00e9partement, est <strong>totalement gratuit <\/strong>et s&#8217;adresse aux personnes \u00e2g\u00e9es de <strong>60 ans et plus.<\/strong><\/p>\n\t\t\t<a href=\"\/yesplus\/seniors\/inscription\/\" target=\"_self\" role=\"button\" rel=\"noopener\">\n\t\t\t\t\t\t\tS&#8217;inscrire au service\n\t\t\t\t\t<\/a>\n\t\t\t\t<a href=\"\/yesplus\/seniors\/inscription\/\" target=\"_self\" itemprop=\"url\" rel=\"noopener\">\n\t\t\t\t<img loading=\"lazy\" decoding=\"async\" src=\"https:\/\/www.oyesplus.meliatis.com\/yesplus\/wp-content\/uploads\/sites\/4\/2023\/04\/accueil-senior.png\" alt=\"accueil-senior\" itemprop=\"image\" height=\"224\" width=\"373\" title=\"accueil-senior\" onerror=\"this.style.display='none'\"  \/>\n\t\t\t\t<\/a>\n<h4>\n\t\tS\u00e9nior de 60 ans et plus\n\t<\/h4>\n\t<p>Pour b\u00e9n\u00e9ficier et partager des moments de convivialit\u00e9 gratuitement avec le dispositif YES+ :\u00a0inscrivez-vous !<\/p>\n\t\t\t<a href=\"\/yesplus\/seniors\/inscription\/\" target=\"_self\" role=\"button\" rel=\"noopener\">\n\t\t\t\t\t\t\tS&#8217;inscrire au service\n\t\t\t\t\t<\/a>\n\t\t\t\t<a href=\"\/yesplus\/job-etudiant\/\" target=\"_self\" itemprop=\"url\" rel=\"noopener\">\n\t\t\t\t<img loading=\"lazy\" decoding=\"async\" src=\"https:\/\/www.oyesplus.meliatis.com\/yesplus\/wp-content\/uploads\/sites\/4\/2023\/04\/accueil-etudiant-yes.png\" alt=\"accueil-etudiant-yes\" itemprop=\"image\" height=\"241\" width=\"372\" title=\"accueil-etudiant-yes\" onerror=\"this.style.display='none'\"  \/>\n\t\t\t\t<\/a>\n<h4>\n\t\tVolontaires en service civique\n\t<\/h4>\n\t<p>Vous avez entre 18 et 25 ans ?<\/p>\n<p>Vous recherchez une <strong>mission indemnis\u00e9e et enrichissante<\/strong> ?<\/p>\n<p>Rendez visite a\u0300 des personnes a\u0302ge\u0301es !<\/p>\n\t\t\t<a href=\"\/yesplus\/job-etudiant\/\" target=\"_self\" role=\"button\" rel=\"noopener\">\n\t\t\t\t\t\t\tPostuler comme agent de convivialit\u00e9\n\t\t\t\t\t<\/a>\n\t\t\t\t<a href=\"\/yesplus\/organisme\/\" target=\"_self\" itemprop=\"url\" rel=\"noopener\">\n\t\t\t\t<img loading=\"lazy\" decoding=\"async\" src=\"https:\/\/www.oyesplus.meliatis.com\/yesplus\/wp-content\/uploads\/sites\/4\/2023\/04\/accueil-organisme.png\" alt=\"accueil-organisme\" itemprop=\"image\" height=\"224\" width=\"373\" title=\"accueil-organisme\" onerror=\"this.style.display='none'\"  \/>\n\t\t\t\t<\/a>\n<h4>\n\t\tOrganisme\n\t<\/h4>\n\t<p><strong>Mairie, CCAS, SAAD :<\/strong> rendez-vous sur cette page pour transmettre les inscriptions des seniors souhaitant b\u00e9n\u00e9ficier du dispositif YES+.<\/p>\n<p><strong>Op\u00e9rateurs YES+<\/strong> : rendez-vous sur cette page pour acc\u00e9der au suivi de l&#8217;activit\u00e9 YES+.<\/p>\n\t\t\t<a href=\"\/yesplus\/organisme\/\" target=\"_self\" role=\"button\" rel=\"noopener\">\n\t\t\t\t\t\t\tS&#8217;enregistrer en tant qu&#8217;organisme\n\t\t\t\t\t<\/a>\n<h1>\n\t\tVisite de convivialit\u00e9 : <br \/>qu&#8217;en pensent les s\u00e9niors ?\n\t<\/h1>\n\t<p><b><i>&#8220;Moi,<\/i><\/b> <b><i>je<\/i><\/b> <b><i>ne<\/i><\/b> <b><i>vois<\/i><\/b> <b><i>pas<\/i><\/b> <b><i>beaucoup<\/i><\/b> <b><i>de<\/i><\/b> <b><i>monde<\/i><\/b> <b><i>et<\/i><\/b> <b><i>comme<\/i><\/b><b><i> je<\/i><\/b> <b><i>suis<\/i><\/b> <b><i>seule, <\/i><\/b><b><i>j&#8217;ai dit oui tout de suite quand on m&#8217;a propos\u00e9 ce service, j&#8217;\u00e9tais tr\u00e8s contente&#8221;. <\/i><\/b>Marie Christine, 76 ans.<\/p>\n<h3>\n\t\tUn m\u00eame service, un nom pour chaque d\u00e9partement\n\t<\/h3>\n\tVous \u00eates sur le site internet de <strong>YES+<\/strong>, le service de convivialit\u00e9 pour les habitants des Hauts-de-Seine.<br \/>\nPour les habitants des Yvelines, ce m\u00eame service se nomme <strong>\u00d4YES<\/strong>.\n\t\t\t\t<img decoding=\"async\" src=\"https:\/\/www.oyesplus.meliatis.com\/wp-content\/uploads\/sites\/4\/2023\/04\/Logo-YesPlus-1.png\" alt=\"Logo-YesPlus\" itemprop=\"image\" title=\"Logo-YesPlus\" onerror=\"this.style.display='none'\"  \/>\n\t\t\t\t<img decoding=\"async\" src=\"https:\/\/www.oyesplus.meliatis.com\/wp-content\/uploads\/sites\/4\/2023\/04\/Logo-yvelines-1.png\" alt=\"Logo-yvelines\" itemprop=\"image\" title=\"Logo-yvelines\" onerror=\"this.style.display='none'\"  \/>\n\t<p><strong>Vous \u00eates ici<\/strong><\/p>\n\t\t\t\t<img decoding=\"async\" src=\"https:\/\/www.oyesplus.meliatis.com\/wp-content\/uploads\/sites\/4\/2023\/03\/Logo-Oyes.png\" alt=\"\" itemprop=\"image\" onerror=\"this.style.display='none'\"  \/>\n\t\t\t\t<img decoding=\"async\" src=\"https:\/\/www.oyesplus.meliatis.com\/wp-content\/uploads\/sites\/4\/2023\/03\/Logo-hauts-de-seine.png\" alt=\"\" itemprop=\"image\" onerror=\"this.style.display='none'\"  \/>\n\t\t\t<a href=\"https:\/\/www.oyesplus.meliatis.com\/oyes\/\" target=\"_blank\" role=\"button\" rel=\"noopener\">\n\t\t\t\t\t\t\tConsulter le site \u00d4YES\n\t\t\t\t\t<\/a>\n<h3>\n\t\tL&#8217;agence Autonomy\n\t<\/h3>\n\t<p>L&#8217;Agence Interd\u00e9partementale de l&#8217;Autonomie, constitu\u00e9e en groupement d&#8217;int\u00e9r\u00eat public (GIP), est l&#8217;op\u00e9rateur des D\u00e9partements des Yvelines et des Hauts-de-Seine pour faire \u00e9merger des solutions innovantes dans le champ de l&#8217;autonomie et am\u00e9liorer la qualit\u00e9 des services d&#8217;aide \u00e0 domicile sur les territoires.<\/p>\n<p>Il s&#8217;agit notamment de r\u00e9pondre \u00e0 l&#8217;aspiration massive des seniors et des personnes en situation de handicap \u00e0 bien vivre et bien vieillir chez eux<\/p>\n\t<iframe loading=\"lazy\" width=\"560\" height=\"315\" src=\"https:\/\/www.youtube.com\/embed\/QPyCmQbz6g0?controls=0\" title=\"YouTube video player\" frameborder=\"0\" allow=\"accelerometer; autoplay; clipboard-write; encrypted-media; gyroscope; picture-in-picture; web-share\" allowfullscreen><\/iframe>\n<h3>\n\t\tT\u00e9moignages\n\t<\/h3>\n\t<p><img loading=\"lazy\" decoding=\"async\" src=\"https:\/\/www.oyesplus.meliatis.com\/wp-content\/uploads\/sites\/4\/2023\/04\/temoignage1.png\" alt=\"\" width=\"80\" height=\"80\" \/>Gabrielle, S\u00e9nior<\/p>\n\t<p>Discuter avec des jeunes me donne l&#8217;impression d&#8217;exister car les journ\u00e9es paraissent bien longues seule dans ma maison. Les \u00e9changes sont tr\u00e8s plaisants, \u00e7a fait du bien !<\/p>\n\t<p><img loading=\"lazy\" decoding=\"async\" src=\"https:\/\/www.oyesplus.meliatis.com\/wp-content\/uploads\/sites\/4\/2023\/04\/temoignage2.png\" alt=\"\" width=\"80\" height=\"80\" \/>David, \u00e9tudiant<\/p>\n\t<p>Etre au contact des personnes \u00e2g\u00e9es m&#8217;a beaucoup appris, ce fut une exp\u00e9rience humainement tr\u00e8s riche car on se sent utile. Les personnes attendent notre visite avec impatience.<\/p>\n\t<p><img loading=\"lazy\" decoding=\"async\" src=\"https:\/\/www.oyesplus.meliatis.com\/wp-content\/uploads\/sites\/4\/2023\/04\/temoignage3.png\" alt=\"\" width=\"80\" height=\"80\" \/>L\u00e9a, \u00e9tudiante<\/p>\n\t<p>Devenir agent de convivialit\u00e9 YES+ permet d&#8217;avoir un job r\u00e9mun\u00e9r\u00e9 et solidaire tout en conciliant les \u00e9tudes. On discute de tout avec les personnes \u00e2g\u00e9es, elles sont attachantes.<\/p>\n\n","protected":false},"excerpt":{"rendered":"<p>Partagez des moments de convivialite\u0301 ! Le dispositif YES+ propose aux seniors habitant les Yvelines, des moments de partage, d&#8217;\u00e9change et de lien social avec des volontaires en service civique form\u00e9s pour devenir agent de convivialite\u0301. En lien avec les Mairies, CCAS et les Services d&#8217;aide et d&#8217;accompagnement a\u0300 domicile (SAAD) du territoire, les agents &hellip;<\/p>\n<p class=\"read-more\"> <a class=\"\" href=\"https:\/\/www.oyesplus.meliatis.com\/yesplus\/\"> <span class=\"screen-reader-text\">Accueil<\/span> Lire la suite\u00a0\u00bb<\/a><\/p>\n","protected":false},"author":1,"featured_media":0,"parent":0,"menu_order":0,"comment_status":"closed","ping_status":"closed","template":"","meta":{"footnotes":""},"class_list":["post-220","page","type-page","status-publish","hentry"],"_links":{"self":[{"href":"https:\/\/www.oyesplus.meliatis.com\/yesplus\/wp-json\/wp\/v2\/pages\/220","targetHints":{"allow":["GET"]}}],"collection":[{"href":"https:\/\/www.oyesplus.meliatis.com\/yesplus\/wp-json\/wp\/v2\/pages"}],"about":[{"href":"https:\/\/www.oyesplus.meliatis.com\/yesplus\/wp-json\/wp\/v2\/types\/page"}],"author":[{"embeddable":true,"href":"https:\/\/www.oyesplus.meliatis.com\/yesplus\/wp-json\/wp\/v2\/users\/1"}],"replies":[{"embeddable":true,"href":"https:\/\/www.oyesplus.meliatis.com\/yesplus\/wp-json\/wp\/v2\/comments?post=220"}],"version-history":[{"count":121,"href":"https:\/\/www.oyesplus.meliatis.com\/yesplus\/wp-json\/wp\/v2\/pages\/220\/revisions"}],"predecessor-version":[{"id":490,"href":"https:\/\/www.oyesplus.meliatis.com\/yesplus\/wp-json\/wp\/v2\/pages\/220\/revisions\/490"}],"wp:attachment":[{"href":"https:\/\/www.oyesplus.meliatis.com\/yesplus\/wp-json\/wp\/v2\/media?parent=220"}],"curies":[{"name":"wp","href":"https:\/\/api.w.org\/{rel}","templated":true}]}}