{"id":146,"date":"2023-04-02T11:16:14","date_gmt":"2023-04-02T09:16:14","guid":{"rendered":"https:\/\/yesplus.autonomy.local\/?page_id=146"},"modified":"2023-05-15T15:37:44","modified_gmt":"2023-05-15T13:37:44","slug":"inscription","status":"publish","type":"page","link":"https:\/\/www.oyesplus.meliatis.com\/yesplus\/seniors\/inscription\/","title":{"rendered":"Inscription S\u00e9nior"},"content":{"rendered":"\n<h5>\n\t\tS\u00c9NIOR\n\t<\/h5>\n<h3>\n\t\tInscription en ligne au service gratuit YES+\n\t<\/h3>\n\t\t\t\t<img loading=\"lazy\" decoding=\"async\" src=\"https:\/\/www.oyesplus.meliatis.com\/wp-content\/uploads\/sites\/4\/2023\/04\/inscription-senior.png\" alt=\"inscription-senior\" itemprop=\"image\" height=\"301\" width=\"301\" title=\"inscription-senior\" onerror=\"this.style.display='none'\">\n\t<ol>\n<li>Remplissez le formulaire ci-dessous et r\u00e9pondez aux quelques questions pos\u00e9es<\/li>\n<li>Un e-mail de confirmation sera envoy\u00e9 \u00e0 l&#8217;adresse e-mail renseign\u00e9e<\/li>\n<li>Un conseiller vous contactera par t\u00e9l\u00e9phone dans les jours qui suivront l&#8217;inscription<\/li>\n<\/ol>\n\t\t\t<a href=\"https:\/\/www.oyesplus.meliatis.com\/yesplus\/seniors\/formulaire\/\" target=\"_self\" role=\"button\" rel=\"noopener\">\n\t\t\t\t\t\t\tCommencer l&#8217;inscription \n\t\t\t\t\t<\/a>\n","protected":false},"excerpt":{"rendered":"<p>S\u00c9NIOR Inscription en ligne au service gratuit YES+ Remplissez le formulaire ci-dessous et r\u00e9pondez aux quelques questions pos\u00e9es Un e-mail de confirmation sera envoy\u00e9 \u00e0 l&#8217;adresse e-mail renseign\u00e9e Un conseiller vous contactera par t\u00e9l\u00e9phone dans les jours qui suivront l&#8217;inscription Commencer l&#8217;inscription<\/p>\n","protected":false},"author":1,"featured_media":0,"parent":127,"menu_order":0,"comment_status":"closed","ping_status":"closed","template":"","meta":{"footnotes":""},"class_list":["post-146","page","type-page","status-publish","hentry"],"_links":{"self":[{"href":"https:\/\/www.oyesplus.meliatis.com\/yesplus\/wp-json\/wp\/v2\/pages\/146","targetHints":{"allow":["GET"]}}],"collection":[{"href":"https:\/\/www.oyesplus.meliatis.com\/yesplus\/wp-json\/wp\/v2\/pages"}],"about":[{"href":"https:\/\/www.oyesplus.meliatis.com\/yesplus\/wp-json\/wp\/v2\/types\/page"}],"author":[{"embeddable":true,"href":"https:\/\/www.oyesplus.meliatis.com\/yesplus\/wp-json\/wp\/v2\/users\/1"}],"replies":[{"embeddable":true,"href":"https:\/\/www.oyesplus.meliatis.com\/yesplus\/wp-json\/wp\/v2\/comments?post=146"}],"version-history":[{"count":24,"href":"https:\/\/www.oyesplus.meliatis.com\/yesplus\/wp-json\/wp\/v2\/pages\/146\/revisions"}],"predecessor-version":[{"id":422,"href":"https:\/\/www.oyesplus.meliatis.com\/yesplus\/wp-json\/wp\/v2\/pages\/146\/revisions\/422"}],"up":[{"embeddable":true,"href":"https:\/\/www.oyesplus.meliatis.com\/yesplus\/wp-json\/wp\/v2\/pages\/127"}],"wp:attachment":[{"href":"https:\/\/www.oyesplus.meliatis.com\/yesplus\/wp-json\/wp\/v2\/media?parent=146"}],"curies":[{"name":"wp","href":"https:\/\/api.w.org\/{rel}","templated":true}]}}