{"id":127,"date":"2023-04-01T19:53:50","date_gmt":"2023-04-01T17:53:50","guid":{"rendered":"https:\/\/yesplus.autonomy.local\/?page_id=127"},"modified":"2025-11-26T12:06:58","modified_gmt":"2025-11-26T11:06:58","slug":"seniors","status":"publish","type":"page","link":"https:\/\/www.oyesplus.meliatis.com\/yesplus\/seniors\/","title":{"rendered":"S\u00e9niors"},"content":{"rendered":"\n<h1>\n\t\tS\u00e9niors\n\t<\/h1>\n<h4>\n\t\tPour vous inscrire ou inscrire un de vos proches au service gratuit YES+\n\t<\/h4>\n\t<p>Le dispositif YES+ permet \u00e0 des s\u00e9niors de recevoir des visites et\/ou appels de convivialit\u00e9 par des volontaires en service civique afin de cr\u00e9er du lien social. Pour en b\u00e9n\u00e9ficier ou en faire b\u00e9n\u00e9ficier vos proches, une inscription gratuite est n\u00e9cessaire en ligne, par t\u00e9l\u00e9phone ou en version papier.<\/p>\n\t<p><strong>Pour vous inscrire, 3 possibilit\u00e9s :<\/strong><\/p>\n\t\t\t\t<img decoding=\"async\" src=\"https:\/\/www.oyesplus.meliatis.com\/wp-content\/uploads\/sites\/4\/2023\/04\/senior-inscription-1.png\" alt=\"senior-inscription\" itemprop=\"image\" title=\"senior-inscription\" onerror=\"this.style.display='none'\"  \/>\n<h4>\n\t\tInscription en ligne\n\t<\/h4>\n\t<p>Remplissez le formulaire et validez votre inscription en quelques minutes<\/p>\n\t\t\t<a href=\"\/yesplus\/seniors\/inscription\/\" target=\"_self\" role=\"button\" rel=\"noopener\">\n\t\t\t\t\t\t\tRemplir le formulaire en ligne\n\t\t\t\t\t<\/a>\n<h6>\n\t\tN\u00e9cessite une adresse e-mail\n\t<\/h6>\n\t\t\t\t<img decoding=\"async\" src=\"https:\/\/www.oyesplus.meliatis.com\/wp-content\/uploads\/sites\/4\/2023\/04\/senior-inscription-tel-1.png\" alt=\"senior-inscription-tel\" itemprop=\"image\" title=\"senior-inscription-tel\" onerror=\"this.style.display='none'\"  \/>\n<h4>\n\t\tInscription par t\u00e9l\u00e9phone\n\t<\/h4>\n\t<p>Contactez un conseiller du lundi au vendredi de 9h \u00e0 12h et de 13h30 \u00e0 17h30<\/p>\n<h4>\n\t\t0 801 801 100\n\t<\/h4>\n<h5>\n\t\t(APPEL GRATUIT)\n\t<\/h5>\n\t\t\t\t<img decoding=\"async\" src=\"https:\/\/www.oyesplus.meliatis.com\/wp-content\/uploads\/sites\/4\/2023\/04\/senior-inscription-postal-1.png\" alt=\"senior-inscription-postal\" itemprop=\"image\" title=\"senior-inscription-postal\" onerror=\"this.style.display='none'\"  \/>\n<h4>\n\t\tInscription par voie postale\n\t<\/h4>\n\tT\u00e9l\u00e9charger le formulaire, imprimez-le,<br \/>\nremplissez-le et envoyez-le par courrier.\n\t\t\t<a href=\"https:\/\/www.oyesplus.meliatis.com\/yesplus\/wp-content\/uploads\/sites\/4\/2023\/06\/YESplus-Formulaire-inscription-SENIOR.pdf\" target=\"_blank\" role=\"button\" rel=\"noopener\">\n\t\t\t\t\t\t\tT\u00e9l\u00e9charger le formulaire\n\t\t\t\t\t<\/a>\n\tFormulaire \u00e0 envoyer \u00e0 :<br \/>\n<strong>Agence AutonomY<\/strong><br \/>\n<strong>Dispositif YES+<\/strong><br \/>\n<strong>17 rue Albert Thomas<\/strong><br \/>\n<strong>78130 Les Mureaux<\/strong>\n<h4>\n\t\tVous effectuez la demande pour un proche ? <br \/>Voici quelques informations utiles\n\t<\/h4>\n\t<p>Famille, aidants, professionnels m\u00e9dico-social, vous pouvez aider \u00e0 l&#8217;inscription d&#8217;une personne \u00e2g\u00e9e isol\u00e9e avec son consentement. Chaque demande sera \u00e9tudi\u00e9e par le service avant mise en relation.<\/p>\n\t\t\t\t<img decoding=\"async\" src=\"https:\/\/www.oyesplus.meliatis.com\/wp-content\/uploads\/sites\/4\/2023\/04\/senior.png\" alt=\"senior\" itemprop=\"image\" title=\"senior\" onerror=\"this.style.display='none'\"  \/>\n\n","protected":false},"excerpt":{"rendered":"<p>S\u00e9niors Pour vous inscrire ou inscrire un de vos proches au service gratuit YES+ Le dispositif YES+ permet \u00e0 des s\u00e9niors de recevoir des visites et\/ou appels de convivialit\u00e9 par des volontaires en service civique afin de cr\u00e9er du lien social. Pour en b\u00e9n\u00e9ficier ou en faire b\u00e9n\u00e9ficier vos proches, une inscription gratuite est n\u00e9cessaire &hellip;<\/p>\n<p class=\"read-more\"> <a class=\"\" href=\"https:\/\/www.oyesplus.meliatis.com\/yesplus\/seniors\/\"> <span class=\"screen-reader-text\">S\u00e9niors<\/span> Lire la suite\u00a0\u00bb<\/a><\/p>\n","protected":false},"author":1,"featured_media":0,"parent":0,"menu_order":0,"comment_status":"closed","ping_status":"closed","template":"","meta":{"footnotes":""},"class_list":["post-127","page","type-page","status-publish","hentry"],"_links":{"self":[{"href":"https:\/\/www.oyesplus.meliatis.com\/yesplus\/wp-json\/wp\/v2\/pages\/127","targetHints":{"allow":["GET"]}}],"collection":[{"href":"https:\/\/www.oyesplus.meliatis.com\/yesplus\/wp-json\/wp\/v2\/pages"}],"about":[{"href":"https:\/\/www.oyesplus.meliatis.com\/yesplus\/wp-json\/wp\/v2\/types\/page"}],"author":[{"embeddable":true,"href":"https:\/\/www.oyesplus.meliatis.com\/yesplus\/wp-json\/wp\/v2\/users\/1"}],"replies":[{"embeddable":true,"href":"https:\/\/www.oyesplus.meliatis.com\/yesplus\/wp-json\/wp\/v2\/comments?post=127"}],"version-history":[{"count":27,"href":"https:\/\/www.oyesplus.meliatis.com\/yesplus\/wp-json\/wp\/v2\/pages\/127\/revisions"}],"predecessor-version":[{"id":491,"href":"https:\/\/www.oyesplus.meliatis.com\/yesplus\/wp-json\/wp\/v2\/pages\/127\/revisions\/491"}],"wp:attachment":[{"href":"https:\/\/www.oyesplus.meliatis.com\/yesplus\/wp-json\/wp\/v2\/media?parent=127"}],"curies":[{"name":"wp","href":"https:\/\/api.w.org\/{rel}","templated":true}]}}