{"id":114,"date":"2023-04-01T19:22:58","date_gmt":"2023-04-01T17:22:58","guid":{"rendered":"https:\/\/yesplus.autonomy.local\/?page_id=114"},"modified":"2025-11-26T14:48:52","modified_gmt":"2025-11-26T13:48:52","slug":"organisme","status":"publish","type":"page","link":"https:\/\/www.oyesplus.meliatis.com\/yesplus\/organisme\/","title":{"rendered":"Organisme"},"content":{"rendered":"\n\n\t\t\t\t<img loading=\"lazy\" decoding=\"async\" src=\"https:\/\/www.oyesplus.meliatis.com\/wp-content\/uploads\/sites\/4\/2023\/04\/file-edit-yesplus.svg\" alt=\"file-edit-yesplus\" itemprop=\"image\" height=\"38\" width=\"38\" title=\"file-edit-yesplus\" onerror=\"this.style.display='none'\"  \/>\n<h4>\n\t\tCandidature YES+ 2026\n\t<\/h4>\n\t<p>Cr\u00e9ez un compte et remplissez le formulaire d&#8217;appel \u00e0 candidature en ligne. Vous pourrez ensuite vous connecter \u00e0 ce compte pour suivre l&#8217;\u00e9volution de votre dossier.<\/p>\n\t\t\t<a href=\"\/yesplus\/organisme\/creation-de-compte-operateur\/\" target=\"_self\" role=\"button\">\n\t\t\t\t\t\t\tCr\u00e9er son compte\n\t\t\t\t\t<\/a>\n<h4>\n\t\tAppel \u00e0 candidatures Organismes op\u00e9rateurs YES+ 2026\n\t<\/h4>\n\tLes op\u00e9rateurs YES+ sont s\u00e9lectionn\u00e9s par appel \u00e0 candidature. Il s&#8217;agit de Mairie, CCAS et SAAD. Le recrutement, l&#8217;encadrement des agents de convivialit\u00e9, la planification des visites- appels t\u00e9l\u00e9phoniques ainsi que le rep\u00e9rage du public isol\u00e9 sont assur\u00e9s par l&#8217;organisme op\u00e9rateur.<br \/>\nUn accompagnement \u00e0 la mise en place du dispositif, une aide au recrutement et \u00e0 la formation des agents de convivialit\u00e9 sont propos\u00e9s par l&#8217;Agence Autonomy.\n\t\t\t<a href=\"https:\/\/www.oyesplus.meliatis.com\/wp-content\/uploads\/sites\/4\/2023\/04\/OYES-formulaire-candidature-OPERATEURS.pdf\" target=\"_blank\" role=\"button\" rel=\"noopener\">\n\t\t\t\t\t\t\tT\u00e9l\u00e9charger le cahier des charges YES+\n\t\t\t\t\t<\/a>\n\t\t\t\t<img loading=\"lazy\" decoding=\"async\" src=\"https:\/\/www.oyesplus.meliatis.com\/yesplus\/wp-content\/uploads\/sites\/4\/2023\/04\/organisme.png\" alt=\"organisme\" itemprop=\"image\" height=\"301\" width=\"301\" title=\"organisme\" onerror=\"this.style.display='none'\"  \/>\n\t\t\t\t<img decoding=\"async\" src=\"https:\/\/www.oyesplus.meliatis.com\/wp-content\/uploads\/sites\/4\/2023\/04\/bg-icon-organisme-1.png\" alt=\"bg-icon-organisme\" itemprop=\"image\" title=\"bg-icon-organisme\" onerror=\"this.style.display='none'\"  \/>\n\n","protected":false},"excerpt":{"rendered":"<p>Candidature YES+ 2026 Cr\u00e9ez un compte et remplissez le formulaire d&#8217;appel \u00e0 candidature en ligne. Vous pourrez ensuite vous connecter \u00e0 ce compte pour suivre l&#8217;\u00e9volution de votre dossier. Cr\u00e9er son compte Appel \u00e0 candidatures Organismes op\u00e9rateurs YES+ 2026 Les op\u00e9rateurs YES+ sont s\u00e9lectionn\u00e9s par appel \u00e0 candidature. Il s&#8217;agit de Mairie, CCAS et SAAD. &hellip;<\/p>\n<p class=\"read-more\"> <a class=\"\" href=\"https:\/\/www.oyesplus.meliatis.com\/yesplus\/organisme\/\"> <span class=\"screen-reader-text\">Organisme<\/span> Lire la suite\u00a0\u00bb<\/a><\/p>\n","protected":false},"author":1,"featured_media":0,"parent":0,"menu_order":0,"comment_status":"closed","ping_status":"closed","template":"","meta":{"footnotes":""},"class_list":["post-114","page","type-page","status-publish","hentry"],"_links":{"self":[{"href":"https:\/\/www.oyesplus.meliatis.com\/yesplus\/wp-json\/wp\/v2\/pages\/114","targetHints":{"allow":["GET"]}}],"collection":[{"href":"https:\/\/www.oyesplus.meliatis.com\/yesplus\/wp-json\/wp\/v2\/pages"}],"about":[{"href":"https:\/\/www.oyesplus.meliatis.com\/yesplus\/wp-json\/wp\/v2\/types\/page"}],"author":[{"embeddable":true,"href":"https:\/\/www.oyesplus.meliatis.com\/yesplus\/wp-json\/wp\/v2\/users\/1"}],"replies":[{"embeddable":true,"href":"https:\/\/www.oyesplus.meliatis.com\/yesplus\/wp-json\/wp\/v2\/comments?post=114"}],"version-history":[{"count":23,"href":"https:\/\/www.oyesplus.meliatis.com\/yesplus\/wp-json\/wp\/v2\/pages\/114\/revisions"}],"predecessor-version":[{"id":502,"href":"https:\/\/www.oyesplus.meliatis.com\/yesplus\/wp-json\/wp\/v2\/pages\/114\/revisions\/502"}],"wp:attachment":[{"href":"https:\/\/www.oyesplus.meliatis.com\/yesplus\/wp-json\/wp\/v2\/media?parent=114"}],"curies":[{"name":"wp","href":"https:\/\/api.w.org\/{rel}","templated":true}]}}