{"id":57,"date":"2023-03-16T11:28:25","date_gmt":"2023-03-16T10:28:25","guid":{"rendered":"https:\/\/oyes.autonomy.local\/?page_id=57"},"modified":"2024-02-14T12:04:00","modified_gmt":"2024-02-14T11:04:00","slug":"job-etudiant","status":"publish","type":"page","link":"https:\/\/www.oyesplus.meliatis.com\/oyes\/job-etudiant\/","title":{"rendered":"Job \u00e9tudiant"},"content":{"rendered":"\n<h1>\n\t\tJob \u00e9tudiant\n\t<\/h1>\n<h4>\n\t\tPostulez pour devenir agent de convivialit\u00e9 !\n\t<\/h4>\n\tVous avez le go\u00fbt du contact avec les personnes \u00e2g\u00e9es et une capacit\u00e9 d&#8217;\u00e9coute, d&#8217;\u00e9change et de partage :<br \/>\ndevenez agent de convivialit\u00e9, un job r\u00e9mun\u00e9r\u00e9 et solidaire !\n<p>Une formation vous sera d\u00e9livr\u00e9e.<\/p>\n\t\t\t\t<img loading=\"lazy\" decoding=\"async\" src=\"https:\/\/www.oyesplus.meliatis.com\/wp-content\/uploads\/sites\/2\/2023\/03\/file-edit.svg\" alt=\"\" itemprop=\"image\" height=\"38\" width=\"38\" onerror=\"this.style.display='none'\"  \/>\n<h4>\n\t\tPostuler\n\t<\/h4>\n\t<p>Remplissez le formulaire de candidature, vous aurez ensuite une r\u00e9ponse par e-mail sous 25 jours ouvr\u00e9s.<\/p>\n\t\t\t<a href=\"https:\/\/www.oyesplus.meliatis.com\/oyes\/offres-demploi\/\" target=\"_self\" role=\"button\" rel=\"noopener\">\n\t\t\t\t\t\t\tPostuler\n\t\t\t\t\t<\/a>\n<h4>\n\t\tPublic concern\u00e9\n\t<\/h4>\n\t<p>Peuvent postuler en tant qu&#8217;agent de convivialit\u00e9 : les lyc\u00e9ens \u00e0 partir de 16 ans, les \u00e9tudiants, les jeunes en projet de reprise d&#8217;\u00e9tude.<\/p>\n<p>&nbsp;<\/p>\n\t\t\t\t<img decoding=\"async\" src=\"https:\/\/www.oyesplus.meliatis.com\/wp-content\/uploads\/sites\/2\/2023\/03\/Job-etudiant.png\" alt=\"Job-etudiant\" itemprop=\"image\" title=\"Job-etudiant\" onerror=\"this.style.display='none'\"  \/>\n\n","protected":false},"excerpt":{"rendered":"<p>Job \u00e9tudiant Postulez pour devenir agent de convivialit\u00e9 ! Vous avez le go\u00fbt du contact avec les personnes \u00e2g\u00e9es et une capacit\u00e9 d&#8217;\u00e9coute, d&#8217;\u00e9change et de partage : devenez agent de convivialit\u00e9, un job r\u00e9mun\u00e9r\u00e9 et solidaire ! Une formation vous sera d\u00e9livr\u00e9e. Postuler Remplissez le formulaire de candidature, vous aurez ensuite une r\u00e9ponse par &hellip;<\/p>\n<p class=\"read-more\"> <a class=\"\" href=\"https:\/\/www.oyesplus.meliatis.com\/oyes\/job-etudiant\/\"> <span class=\"screen-reader-text\">Job \u00e9tudiant<\/span> Lire la suite\u00a0\u00bb<\/a><\/p>\n","protected":false},"author":1,"featured_media":0,"parent":0,"menu_order":0,"comment_status":"closed","ping_status":"closed","template":"","meta":{"footnotes":""},"class_list":["post-57","page","type-page","status-publish","hentry"],"_links":{"self":[{"href":"https:\/\/www.oyesplus.meliatis.com\/oyes\/wp-json\/wp\/v2\/pages\/57","targetHints":{"allow":["GET"]}}],"collection":[{"href":"https:\/\/www.oyesplus.meliatis.com\/oyes\/wp-json\/wp\/v2\/pages"}],"about":[{"href":"https:\/\/www.oyesplus.meliatis.com\/oyes\/wp-json\/wp\/v2\/types\/page"}],"author":[{"embeddable":true,"href":"https:\/\/www.oyesplus.meliatis.com\/oyes\/wp-json\/wp\/v2\/users\/1"}],"replies":[{"embeddable":true,"href":"https:\/\/www.oyesplus.meliatis.com\/oyes\/wp-json\/wp\/v2\/comments?post=57"}],"version-history":[{"count":48,"href":"https:\/\/www.oyesplus.meliatis.com\/oyes\/wp-json\/wp\/v2\/pages\/57\/revisions"}],"predecessor-version":[{"id":438,"href":"https:\/\/www.oyesplus.meliatis.com\/oyes\/wp-json\/wp\/v2\/pages\/57\/revisions\/438"}],"wp:attachment":[{"href":"https:\/\/www.oyesplus.meliatis.com\/oyes\/wp-json\/wp\/v2\/media?parent=57"}],"curies":[{"name":"wp","href":"https:\/\/api.w.org\/{rel}","templated":true}]}}