{"id":491,"date":"2024-02-05T14:11:02","date_gmt":"2024-02-05T13:11:02","guid":{"rendered":"https:\/\/www.oyesplus.meliatis.com\/oyes\/?page_id=491"},"modified":"2024-02-26T10:31:02","modified_gmt":"2024-02-26T09:31:02","slug":"creation-de-compte-operateur","status":"publish","type":"page","link":"https:\/\/www.oyesplus.meliatis.com\/oyes\/organisme\/creation-de-compte-operateur\/","title":{"rendered":"Cr\u00e9ation de compte Op\u00e9rateur"},"content":{"rendered":"\n<h1 class=\"wp-block-heading\">Organisme<\/h1>\n\n\n\n<h4 class=\"wp-block-heading\">Cr\u00e9ation de compte Op\u00e9rateur<\/h4>\n\n\n\n<p>Pour acc\u00e9der au formulaire de candidature, veuillez cr\u00e9er un compte s\u00e9curis\u00e9.<\/p>\n","protected":false},"excerpt":{"rendered":"<p>Organisme Cr\u00e9ation de compte Op\u00e9rateur Pour acc\u00e9der au formulaire de candidature, veuillez cr\u00e9er un compte s\u00e9curis\u00e9.<\/p>\n","protected":false},"author":1,"featured_media":0,"parent":114,"menu_order":0,"comment_status":"closed","ping_status":"closed","template":"page-creation-compte-operateur.php","meta":{"footnotes":""},"class_list":["post-491","page","type-page","status-publish","hentry"],"_links":{"self":[{"href":"https:\/\/www.oyesplus.meliatis.com\/oyes\/wp-json\/wp\/v2\/pages\/491","targetHints":{"allow":["GET"]}}],"collection":[{"href":"https:\/\/www.oyesplus.meliatis.com\/oyes\/wp-json\/wp\/v2\/pages"}],"about":[{"href":"https:\/\/www.oyesplus.meliatis.com\/oyes\/wp-json\/wp\/v2\/types\/page"}],"author":[{"embeddable":true,"href":"https:\/\/www.oyesplus.meliatis.com\/oyes\/wp-json\/wp\/v2\/users\/1"}],"replies":[{"embeddable":true,"href":"https:\/\/www.oyesplus.meliatis.com\/oyes\/wp-json\/wp\/v2\/comments?post=491"}],"version-history":[{"count":2,"href":"https:\/\/www.oyesplus.meliatis.com\/oyes\/wp-json\/wp\/v2\/pages\/491\/revisions"}],"predecessor-version":[{"id":494,"href":"https:\/\/www.oyesplus.meliatis.com\/oyes\/wp-json\/wp\/v2\/pages\/491\/revisions\/494"}],"up":[{"embeddable":true,"href":"https:\/\/www.oyesplus.meliatis.com\/oyes\/wp-json\/wp\/v2\/pages\/114"}],"wp:attachment":[{"href":"https:\/\/www.oyesplus.meliatis.com\/oyes\/wp-json\/wp\/v2\/media?parent=491"}],"curies":[{"name":"wp","href":"https:\/\/api.w.org\/{rel}","templated":true}]}}