{"id":114,"date":"2023-04-01T19:22:58","date_gmt":"2023-04-01T17:22:58","guid":{"rendered":"https:\/\/oyes.autonomy.local\/?page_id=114"},"modified":"2026-02-05T12:40:48","modified_gmt":"2026-02-05T11:40:48","slug":"organisme","status":"publish","type":"page","link":"https:\/\/www.oyesplus.meliatis.com\/oyes\/organisme\/","title":{"rendered":"Organisme"},"content":{"rendered":"\n\n\t\t\t\t<img decoding=\"async\" src=\"https:\/\/www.oyesplus.meliatis.com\/wp-content\/uploads\/sites\/2\/2023\/03\/file-edit.svg\" alt=\"\" itemprop=\"image\" height=\"38\" width=\"38\" onerror=\"this.style.display='none'\" loading=\"lazy\" \/>\n<h4>\n\t\t\tCandidature \u00d4YES 2026\t<\/h4>\n\t<p>Cr\u00e9ez un compte et remplissez le formulaire d&#8217;appel \u00e0 candidature en ligne. Vous pourrez ensuite vous connecter \u00e0 ce compte pour suivre l&#8217;\u00e9volution de votre dossier.<\/p>\n\t\t\t<a href=\"\/oyes\/organisme\/creation-de-compte-operateur\/\" target=\"_self\">\n\t\t\t\t\t\t\tCr\u00e9er un compte et candidater\n\t\t\t\t\t<\/a>\n\t<p><strong>Vous avez d\u00e9j\u00e0 un compte Op\u00e9rateur \u00d4YES :<\/strong><\/p>\n\t\t\t<a href=\"\/oyes\/mon-compte-organisme\/\" target=\"_self\">\n\t\t\t\t\t\t\tRenouvelez votre candidature\n\t\t\t\t\t<\/a>\n<h3>\n\t\t\tAppel \u00e0 candidatures Op\u00e9rateurs \u00d4YES 2026\t<\/h3>\n\t<p>Le dispositif \u00d4YES a \u00e9t\u00e9 mis en place \u00e0 l&#8217;\u00e9t\u00e9 2022 puis reconduit de juillet \u00e0 octobre 2023 avec 30 op\u00e9rateurs \u00d4YES+ s\u00e9lectionn\u00e9s par appel \u00e0 candidature.<\/p>\n<p>Il s&#8217;agit de Mairie, CCAS et SAAD des Hauts-de-Seine.<\/p>\n<p>Fort de son bilan positif, le <strong>dispositif est reconduit en 2026<\/strong>\u00a0sur une p\u00e9riode \u00e9tendue de <strong>juillet \u00e0 d\u00e9cembre 2026. <\/strong><\/p>\n<p><strong>Un nouvel appel \u00e0 candidature est lanc\u00e9 du x mars 2026 9h00 au xx mars 2026 17h30.<\/strong><\/p>\n<p>Le recrutement, l&#8217;encadrement des agents de convivialit\u00e9, la planification des visites et appels t\u00e9l\u00e9phoniques ainsi que le rep\u00e9rage du public isol\u00e9 sont assur\u00e9s par l&#8217;organisme op\u00e9rateur. Un accompagnement \u00e0 la mise en place du dispositif, une aide au recrutement et \u00e0 la formation des agents de convivialit\u00e9 sont propos\u00e9s par l&#8217;Agence AutonomY.<\/p>\n\t\t\t<a href=\"https:\/\/www.oyesplus.meliatis.com\/oyes\/wp-content\/uploads\/sites\/2\/2024\/01\/Cahier_des_Charges_OYES_Hauts-de-Seine-Etudiants_seniors_-2024.pdf\" target=\"_blank\" rel=\"noopener\">\n\t\t\t\t\t\t\tT\u00e9l\u00e9charger le cahier des charges \u00d4YES\n\t\t\t\t\t<\/a>\n\t\t\t\t<img decoding=\"async\" src=\"https:\/\/www.oyesplus.meliatis.com\/oyes\/wp-content\/uploads\/sites\/2\/2023\/04\/organisme.png\" alt=\"organisme\" itemprop=\"image\" height=\"301\" width=\"301\" title=\"organisme\" onerror=\"this.style.display='none'\" loading=\"lazy\" \/>\n\n\n","protected":false},"excerpt":{"rendered":"<p>Candidature \u00d4YES 2026 Cr\u00e9ez un compte et remplissez le formulaire d&#8217;appel \u00e0 candidature en ligne. Vous pourrez ensuite vous connecter \u00e0 ce compte pour suivre l&#8217;\u00e9volution de votre dossier. Cr\u00e9er un compte et candidater Vous avez d\u00e9j\u00e0 un compte Op\u00e9rateur \u00d4YES : Renouvelez votre candidature Appel \u00e0 candidatures Op\u00e9rateurs \u00d4YES 2026 Le dispositif \u00d4YES a &hellip;<\/p>\n<p class=\"read-more\"> <a class=\"\" href=\"https:\/\/www.oyesplus.meliatis.com\/oyes\/organisme\/\"> <span class=\"screen-reader-text\">Organisme<\/span> Lire la suite\u00a0\u00bb<\/a><\/p>\n","protected":false},"author":1,"featured_media":0,"parent":0,"menu_order":0,"comment_status":"closed","ping_status":"closed","template":"","meta":{"footnotes":""},"class_list":["post-114","page","type-page","status-publish","hentry"],"_links":{"self":[{"href":"https:\/\/www.oyesplus.meliatis.com\/oyes\/wp-json\/wp\/v2\/pages\/114","targetHints":{"allow":["GET"]}}],"collection":[{"href":"https:\/\/www.oyesplus.meliatis.com\/oyes\/wp-json\/wp\/v2\/pages"}],"about":[{"href":"https:\/\/www.oyesplus.meliatis.com\/oyes\/wp-json\/wp\/v2\/types\/page"}],"author":[{"embeddable":true,"href":"https:\/\/www.oyesplus.meliatis.com\/oyes\/wp-json\/wp\/v2\/users\/1"}],"replies":[{"embeddable":true,"href":"https:\/\/www.oyesplus.meliatis.com\/oyes\/wp-json\/wp\/v2\/comments?post=114"}],"version-history":[{"count":42,"href":"https:\/\/www.oyesplus.meliatis.com\/oyes\/wp-json\/wp\/v2\/pages\/114\/revisions"}],"predecessor-version":[{"id":642,"href":"https:\/\/www.oyesplus.meliatis.com\/oyes\/wp-json\/wp\/v2\/pages\/114\/revisions\/642"}],"wp:attachment":[{"href":"https:\/\/www.oyesplus.meliatis.com\/oyes\/wp-json\/wp\/v2\/media?parent=114"}],"curies":[{"name":"wp","href":"https:\/\/api.w.org\/{rel}","templated":true}]}}